{"id":4793,"date":"2020-10-06T15:20:05","date_gmt":"2020-10-06T15:20:05","guid":{"rendered":"http:\/\/madcatalog.com\/?page_id=4793"},"modified":"2020-11-18T09:35:37","modified_gmt":"2020-11-18T09:35:37","slug":"exodus","status":"publish","type":"page","link":"https:\/\/madcatalog.com\/pl\/exodus\/","title":{"rendered":"Exodus"},"content":{"rendered":"<div class=\"vc_row wpb_row vc_row-fluid\" ><div class=\"wpb_column vc_column_container vc_col-sm-12\"><div class=\"vc_column-inner\"><div class=\"wpb_wrapper\"><div class=\"eltdf-elements-holder   eltdf-one-column  eltdf-responsive-mode-768\" ><div class=\"eltdf-eh-item\"  data-item-class=\"eltdf-eh-custom-6770\" data-1367-1600=\"55px 55px 0 53px\" data-1025-1366=\"48px 16px 0 36px\" data-769-1024=\"69px 243px 54px 0px\" data-681-768=\"69px 0px 54px 10px\" data-680=\"72px 37px 53px 26px\">\n\t<div class=\"eltdf-eh-item-inner\">\n\t\t<div class=\"eltdf-eh-item-content eltdf-eh-custom-6770\" style=\"padding: 50px 120px 20px 120px\">\n\t\t\t<div class=\"eltdf-banner-media-holder\" >\n    <div class=\"eltdf-banner-media-holder__text\"  data-item-class=\"bannerMedia-1021\">\n\t\t        <h1 class=\"eltdf-banner-title\">\n\t\t'Exodus' z \u0142aciny to s\u0142owo pochodz\u0105ce z gr. 'Exodos', w znaczeniu dos\u0142ownym 'wyj\u015bcie'.    <\/h1>\n\t\t    <div>\n\t\t<a itemprop=\"url\" href=\"#\" target=\"_self\" style=\"border-color: #000\" class=\"eltdf-btn eltdf-btn-medium eltdf-btn-simple\"  >\n    <span class=\"eltdf-btn-text\"><\/span>\n    <\/a>    <\/div>\n<\/div> <!-- \/.eltdf-banner-media-holder__left -->\n\n<\/div> <!-- \/.eltdf-banner-media-holder -->\n\n\n\t\t<\/div>\n\t<\/div>\n<\/div><\/div><\/div><\/div><\/div><\/div><div class=\"vc_row wpb_row vc_row-fluid vc_custom_1604147020402\" ><div class=\"wpb_column vc_column_container vc_col-sm-12\"><div class=\"vc_column-inner\"><div class=\"wpb_wrapper\"><div class=\"eltdf-image-gallery eltdf-grid-list eltdf-disable-bottom-space  eltdf-ig-grid-type eltdf-three-columns eltdf-small-space\">\n\t<div class=\"eltdf-ig-inner eltdf-outer-space\">\n\t\t\t\t\t<div class=\"eltdf-ig-image eltdf-item-space\">\n\t\t\t\t<div class=\"eltdf-ig-image-inner\">\n\t\t\t\t\t\t\t\t\t\t\t<img width=\"1000\" height=\"563\" src=\"https:\/\/madcatalog.com\/wp-content\/uploads\/2020\/10\/exodus_still6.jpg\" class=\"attachment-full size-full\" alt=\"\" loading=\"lazy\" srcset=\"https:\/\/madcatalog.com\/wp-content\/uploads\/2020\/10\/exodus_still6.jpg 1000w, https:\/\/madcatalog.com\/wp-content\/uploads\/2020\/10\/exodus_still6-300x169.jpg 300w, https:\/\/madcatalog.com\/wp-content\/uploads\/2020\/10\/exodus_still6-768x432.jpg 768w, https:\/\/madcatalog.com\/wp-content\/uploads\/2020\/10\/exodus_still6-600x338.jpg 600w\" sizes=\"(max-width: 1000px) 100vw, 1000px\" \/>\t\t\t\t\t\t\t\t\t<\/div>\n\t\t\t<\/div>\n\t\t\t\t\t<div class=\"eltdf-ig-image eltdf-item-space\">\n\t\t\t\t<div class=\"eltdf-ig-image-inner\">\n\t\t\t\t\t\t\t\t\t\t\t<img width=\"1000\" height=\"563\" src=\"https:\/\/madcatalog.com\/wp-content\/uploads\/2020\/10\/exodus_still20.jpg\" class=\"attachment-full size-full\" alt=\"\" loading=\"lazy\" srcset=\"https:\/\/madcatalog.com\/wp-content\/uploads\/2020\/10\/exodus_still20.jpg 1000w, https:\/\/madcatalog.com\/wp-content\/uploads\/2020\/10\/exodus_still20-300x169.jpg 300w, https:\/\/madcatalog.com\/wp-content\/uploads\/2020\/10\/exodus_still20-768x432.jpg 768w, https:\/\/madcatalog.com\/wp-content\/uploads\/2020\/10\/exodus_still20-600x338.jpg 600w\" sizes=\"(max-width: 1000px) 100vw, 1000px\" \/>\t\t\t\t\t\t\t\t\t<\/div>\n\t\t\t<\/div>\n\t\t\t\t\t<div class=\"eltdf-ig-image eltdf-item-space\">\n\t\t\t\t<div class=\"eltdf-ig-image-inner\">\n\t\t\t\t\t\t\t\t\t\t\t<img width=\"1000\" height=\"563\" src=\"https:\/\/madcatalog.com\/wp-content\/uploads\/2020\/10\/exodus_still16.jpg\" class=\"attachment-full size-full\" alt=\"\" loading=\"lazy\" srcset=\"https:\/\/madcatalog.com\/wp-content\/uploads\/2020\/10\/exodus_still16.jpg 1000w, https:\/\/madcatalog.com\/wp-content\/uploads\/2020\/10\/exodus_still16-300x169.jpg 300w, https:\/\/madcatalog.com\/wp-content\/uploads\/2020\/10\/exodus_still16-768x432.jpg 768w, https:\/\/madcatalog.com\/wp-content\/uploads\/2020\/10\/exodus_still16-600x338.jpg 600w\" sizes=\"(max-width: 1000px) 100vw, 1000px\" \/>\t\t\t\t\t\t\t\t\t<\/div>\n\t\t\t<\/div>\n\t\t\t\t\t<div class=\"eltdf-ig-image eltdf-item-space\">\n\t\t\t\t<div class=\"eltdf-ig-image-inner\">\n\t\t\t\t\t\t\t\t\t\t\t<img width=\"1000\" height=\"563\" src=\"https:\/\/madcatalog.com\/wp-content\/uploads\/2020\/10\/exodus_still22.jpg\" class=\"attachment-full size-full\" alt=\"\" loading=\"lazy\" srcset=\"https:\/\/madcatalog.com\/wp-content\/uploads\/2020\/10\/exodus_still22.jpg 1000w, https:\/\/madcatalog.com\/wp-content\/uploads\/2020\/10\/exodus_still22-300x169.jpg 300w, https:\/\/madcatalog.com\/wp-content\/uploads\/2020\/10\/exodus_still22-768x432.jpg 768w, https:\/\/madcatalog.com\/wp-content\/uploads\/2020\/10\/exodus_still22-600x338.jpg 600w\" sizes=\"(max-width: 1000px) 100vw, 1000px\" \/>\t\t\t\t\t\t\t\t\t<\/div>\n\t\t\t<\/div>\n\t\t\t\t\t<div class=\"eltdf-ig-image eltdf-item-space\">\n\t\t\t\t<div class=\"eltdf-ig-image-inner\">\n\t\t\t\t\t\t\t\t\t\t\t<img width=\"1000\" height=\"563\" src=\"https:\/\/madcatalog.com\/wp-content\/uploads\/2020\/10\/exodus_still14.jpg\" class=\"attachment-full size-full\" alt=\"\" loading=\"lazy\" srcset=\"https:\/\/madcatalog.com\/wp-content\/uploads\/2020\/10\/exodus_still14.jpg 1000w, https:\/\/madcatalog.com\/wp-content\/uploads\/2020\/10\/exodus_still14-300x169.jpg 300w, https:\/\/madcatalog.com\/wp-content\/uploads\/2020\/10\/exodus_still14-768x432.jpg 768w, https:\/\/madcatalog.com\/wp-content\/uploads\/2020\/10\/exodus_still14-600x338.jpg 600w\" sizes=\"(max-width: 1000px) 100vw, 1000px\" \/>\t\t\t\t\t\t\t\t\t<\/div>\n\t\t\t<\/div>\n\t\t\t\t\t<div class=\"eltdf-ig-image eltdf-item-space\">\n\t\t\t\t<div class=\"eltdf-ig-image-inner\">\n\t\t\t\t\t\t\t\t\t\t\t<img width=\"1000\" height=\"563\" src=\"https:\/\/madcatalog.com\/wp-content\/uploads\/2020\/10\/exodus_still12.jpg\" class=\"attachment-full size-full\" alt=\"\" loading=\"lazy\" srcset=\"https:\/\/madcatalog.com\/wp-content\/uploads\/2020\/10\/exodus_still12.jpg 1000w, https:\/\/madcatalog.com\/wp-content\/uploads\/2020\/10\/exodus_still12-300x169.jpg 300w, https:\/\/madcatalog.com\/wp-content\/uploads\/2020\/10\/exodus_still12-768x432.jpg 768w, https:\/\/madcatalog.com\/wp-content\/uploads\/2020\/10\/exodus_still12-600x338.jpg 600w\" sizes=\"(max-width: 1000px) 100vw, 1000px\" \/>\t\t\t\t\t\t\t\t\t<\/div>\n\t\t\t<\/div>\n\t\t\t<\/div>\n<\/div><\/div><\/div><\/div><\/div><div class=\"vc_row wpb_row vc_row-fluid vc_custom_1604065410429\" ><div class=\"wpb_column vc_column_container vc_col-sm-12\"><div class=\"vc_column-inner\"><div class=\"wpb_wrapper\"><div class=\"eltdf-elements-holder   eltdf-one-column  eltdf-responsive-mode-768\" ><div class=\"eltdf-eh-item\"  data-item-class=\"eltdf-eh-custom-8932\" data-1367-1600=\"0 0 0px 39px\" data-1025-1366=\"44px 0 0px 50px\" data-769-1024=\"0 0 0 0\" data-681-768=\"0 0 0 0\" data-680=\"9px 0 0 0\">\n\t<div class=\"eltdf-eh-item-inner\">\n\t\t<div class=\"eltdf-eh-item-content eltdf-eh-custom-8932\" >\n\t\t\t<div class=\"eltdOutlinedFont\">\n    <h2 class=\"eltdf-custom-font-holder  eltdf-cf-9447\" style=\"font-size: 140px\" data-item-class=\"eltdf-cf-9447\" data-font-size-680=\"134px\">\n\t    Art must be bio    <\/h2>\n<\/div> <!-- \/.eltdOutlinedFont -->\n\t<div class=\"wpb_text_column wpb_content_element\" >\n\t\t<div class=\"wpb_wrapper\">\n\t\t\t<div class=\"_1DKxU sc-kIPQKe egqgNj\">\n<div class=\"_wMel\" dir=\"auto\" data-description-content=\"true\">\n<p class=\"first\">\u201eExodus\u201d to praca bazuj\u0105ca na ruchu, stworzona wok\u00f3\u0142 tematu \u201eSztuka musi by\u0107 bio\u201d, eksperymentalnej serii film\u00f3w, kt\u00f3re dotycz\u0105 efektu interwencji cz\u0142owieka w przyrod\u0119. Wsp\u00f3ln\u0105 cz\u0119\u015bci\u0105 projekt\u00f3w jest prostota stworzenia nie oczywistych powi\u0105za\u0144 element\u00f3w \u015brodowiska naturalnego z interwencjami stworzonymi przez cz\u0142owieka. Tytu\u0142 serii sugeruje nawi\u0105zanie do s\u0142ynnego dzie\u0142a Mariny Abramovi\u0107 w ramach gatunku sztuk performatywnych. Prace maj\u0105 okre\u015blone podej\u015bcie do uwolnienia si\u0119 od b\u00f3lu poprzez rytualny ruch wraz z pr\u00f3b\u0105 choreografii natury.<\/p>\n<\/div>\n<\/div>\n\n\t\t<\/div>\n\t<\/div>\n\n\t<div class=\"wpb_text_column wpb_content_element\" >\n\t\t<div class=\"wpb_wrapper\">\n\t\t\t<h4>Droga do wybawienia<\/h4>\n\n\t\t<\/div>\n\t<\/div>\n<div class=\"vc_empty_space\"   style=\"height: 13px\"><span class=\"vc_empty_space_inner\"><\/span><\/div>\n\t<div class=\"wpb_text_column wpb_content_element\" >\n\t\t<div class=\"wpb_wrapper\">\n\t\t\t<div class=\"_1DKxU sc-kIPQKe egqgNj\">\n<div class=\"_wMel\" dir=\"auto\" data-description-content=\"true\">\n<p class=\"first\">\u201eExodus\u201d to zaproszenie do medytacji nad przemoc\u0105. Odnosi si\u0119 nie tylko do ekologicznych, ale tak\u017ce humanitarnych katastrof politycznych i naszego mo\u017cliwego wygini\u0119cia. Ocean sfilmowany o zmierzchu jest przedstawiany jako chwalebny \u015bwiadek tragedii, kt\u00f3re maj\u0105 miejsce w g\u0142\u0119bokiej, ciemnej wodzie. Przeplataj\u0105c dwa ruchome obrazy, dwa r\u00f3\u017cne \u015bwiaty, tekstury i temperatury \u201eExodus\u201d tworzy emocjonalne prze\u017cycie, kt\u00f3re wprowadza widza w trans. Fale malowane s\u0105 \u015bwiat\u0142em w animowanej strukturze, kt\u00f3ra nawi\u0105zuje do partytury \u201eExodus\u201d Wojciecha Killara.<\/p>\n<p class=\"first\">Dla najlepszego odbioru, zaleca si\u0119 ogl\u0105danie wideo w ciemnym, cichym pomieszczeniu.<\/p>\n<\/div>\n<\/div>\n\n\t\t<\/div>\n\t<\/div>\n\t\t<\/div>\n\t<\/div>\n<\/div><\/div><\/div><\/div><\/div><\/div><div class=\"vc_row wpb_row vc_row-fluid vc_custom_1604155997524\" ><div class=\"wpb_column vc_column_container vc_col-sm-12\"><div class=\"vc_column-inner\"><div class=\"wpb_wrapper\"><div class=\"eltdf-elements-holder   eltdf-one-column  eltdf-responsive-mode-768 eltdf-one-column-alignment-left\" ><div class=\"eltdf-eh-item\"  data-item-class=\"eltdf-eh-custom-6499\" data-1367-1600=\"55px 55px 0 53px\" data-1025-1366=\"48px 16px 0 36px\" data-769-1024=\"69px 243px 54px 0px\" data-681-768=\"69px 0px 54px 10px\" data-680=\"72px 37px 53px 26px\">\n\t<div class=\"eltdf-eh-item-inner\">\n\t\t<div class=\"eltdf-eh-item-content eltdf-eh-custom-6499\" >\n\t\t\t<div class=\"eltdf-banner-media-holder\" >\n    <div class=\"eltdf-banner-media-holder__text\"  data-item-class=\"bannerMedia-3598\">\n\t\t        <h5 class=\"eltdf-banner-title\">\n\t\tAutor    <\/h5>\n\t\t    <div>\n\t\t<a itemprop=\"url\" href=\"https:\/\/madcatalog.com\/pl\/bajjou-anna\/\" target=\"_self\" style=\"border-color: #000\" class=\"eltdf-btn eltdf-btn-medium eltdf-btn-simple\"  >\n    <span class=\"eltdf-btn-text\">Anna Bajjou<\/span>\n    <\/a>    <\/div>\n<\/div> <!-- \/.eltdf-banner-media-holder__left -->\n\n<\/div> <!-- \/.eltdf-banner-media-holder -->\n\n\n\t\t<\/div>\n\t<\/div>\n<\/div><\/div><\/div><\/div><\/div><\/div><div class=\"vc_row wpb_row vc_row-fluid vc_custom_1605692131079\" ><div class=\"wpb_column vc_column_container vc_col-sm-12\"><div class=\"vc_column-inner\"><div class=\"wpb_wrapper\">\n\t<div class=\"wpb_text_column wpb_content_element\" >\n\t\t<div class=\"wpb_wrapper\">\n\t\t\t<pre><a id=\"69e38769b33d3\" rel=\"wp-video-lightbox\" href=\"https:\/\/vimeo.com\/463856170?width=800&height=450\" title=\"\"><img src=\"https:\/\/madcatalog.com\/wp-content\/uploads\/2020\/10\/Exodus_video.jpg\" class=\"video_lightbox_anchor_image\" alt=\"\" \/><\/a>    <script>\r\n    \/* <![CDATA[ *\/\r\n    jQuery(document).ready(function($){\r\n        $(function(){\r\n            var width = $(window).innerWidth();\r\n            var setwidth = 800;\r\n            var ratio = 0.5625;\r\n            var height = 450;\r\n            var link = 'https:\/\/vimeo.com\/463856170?width=800&height=450';\r\n            if(width < setwidth)\r\n            {\r\n                height = Math.floor(width * 0.5625);\r\n                \/\/console.log(\"device width \"+width+\", set width \"+800+\", ratio \"+0.5625+\", new height \"+ height);\r\n                var new_url = wpvl_paramReplace('width', link, width);\r\n                var new_url = wpvl_paramReplace('height', new_url, height);\r\n                $(\"a#69e38769b33d3\").attr('href', new_url);\r\n                \/\/console.log(new_url);\r\n            }    \r\n        });\r\n    });\r\n    \/* ]]> *\/\r\n    <\/script>        \r\n<\/pre>\n\n\t\t<\/div>\n\t<\/div>\n<\/div><\/div><\/div><\/div><div class=\"vc_row wpb_row vc_row-fluid\" ><div class=\"wpb_column vc_column_container vc_col-sm-12\"><div class=\"vc_column-inner vc_custom_1602942267061\"><div class=\"wpb_wrapper\"><div class=\"vc_empty_space\"   style=\"height: 50px\"><span class=\"vc_empty_space_inner\"><\/span><\/div>\n\t<div class=\"wpb_text_column wpb_content_element\" >\n\t\t<div class=\"wpb_wrapper\">\n\t\t\t<h4 style=\"color: #000000;\">Wszystkie projekty<\/h4>\n\n\t\t<\/div>\n\t<\/div>\n<div class=\"vc_empty_space\"   style=\"height: 40px\"><span class=\"vc_empty_space_inner\"><\/span><\/div><div class=\"eltdf-portfolio-slider-holder\"><div class=\"eltdf-portfolio-list-holder eltdf-grid-list eltdf-disable-bottom-space eltdf-pl-gallery eltdf-four-columns eltdf-large-space eltdf-pl-overlay-shader    eltdf-pl-pag-no-pagination      eltdf-pag-below-slider\"  data-type=gallery data-number-of-columns=four data-space-between-items=large data-number-of-items=9 data-image-proportions=full data-enable-fixed-proportions=no data-enable-image-shadow=no data-category=videos data-orderby=date data-order=ASC data-item-style=overlay-shader data-enable-title=yes data-title-tag=h4 data-enable-category=no data-pagination-type=no-pagination data-filter=no data-filter-order-by=name data-enable-article-animation=no data-enable-article-parallax=no data-portfolio-slider-on=yes data-enable-loop=no data-enable-autoplay=yes data-slider-speed=4000 data-slider-speed-animation=600 data-enable-navigation=no data-enable-pagination=yes data-pagination-position=below-slider data-max-num-pages=1 data-next-page=2>\n\t\t<div class=\"eltdf-pl-inner eltdf-outer-space eltdf-owl-slider eltdf-list-is-slider portfolio_four_columns clearfix\">\n\t\t<article class=\"eltdf-pl-item eltdf-item-space  post-4727 portfolio-item type-portfolio-item status-publish has-post-thumbnail hentry portfolio-category-videos\">\n\t<div class=\"eltdf-pl-item-inner\">\n\t\t<div class=\"eltdf-pli-image\">\n\t<img width=\"1920\" height=\"1080\" src=\"https:\/\/madcatalog.com\/wp-content\/uploads\/2020\/10\/Bajjou_main3.jpg\" class=\"attachment-full size-full wp-post-image\" alt=\"\" loading=\"lazy\" srcset=\"https:\/\/madcatalog.com\/wp-content\/uploads\/2020\/10\/Bajjou_main3.jpg 1920w, https:\/\/madcatalog.com\/wp-content\/uploads\/2020\/10\/Bajjou_main3-300x169.jpg 300w, https:\/\/madcatalog.com\/wp-content\/uploads\/2020\/10\/Bajjou_main3-1024x576.jpg 1024w, https:\/\/madcatalog.com\/wp-content\/uploads\/2020\/10\/Bajjou_main3-768x432.jpg 768w, https:\/\/madcatalog.com\/wp-content\/uploads\/2020\/10\/Bajjou_main3-1536x864.jpg 1536w, https:\/\/madcatalog.com\/wp-content\/uploads\/2020\/10\/Bajjou_main3-600x338.jpg 600w\" sizes=\"(max-width: 1920px) 100vw, 1920px\" \/><\/div>\n<div class=\"eltdf-pli-text-holder\">\n    <div class=\"eltdf-pli-text-wrapper\">\n        <div class=\"eltdf-pli-text\">\n\t\t\t    <div class=\"eltdf-pli-title-holder\">\n\t\t<h4 itemprop=\"name\" class=\"eltdf-pli-title entry-title\" >\n\t\tBajjou\t\t<\/h4>\n    <\/div>\n\n\t\t\t        <\/div>\n    <\/div>\n<\/div>\n\t\t<a itemprop=\"url\" class=\"eltdf-pli-link eltdf-block-drag-link\" href=\"https:\/\/madcatalog.com\/pl\/exodus\/\" target=\"_blank\"><\/a>\n\t<\/div>\n<\/article><article class=\"eltdf-pl-item eltdf-item-space  post-928 portfolio-item type-portfolio-item status-publish has-post-thumbnail hentry portfolio-category-videos\">\n\t<div class=\"eltdf-pl-item-inner\">\n\t\t<div class=\"eltdf-pli-image\">\n\t<img width=\"1920\" height=\"1080\" src=\"https:\/\/madcatalog.com\/wp-content\/uploads\/2020\/11\/Edition-01.2020-top-noise.jpg\" class=\"attachment-full size-full wp-post-image\" alt=\"\" loading=\"lazy\" srcset=\"https:\/\/madcatalog.com\/wp-content\/uploads\/2020\/11\/Edition-01.2020-top-noise.jpg 1920w, https:\/\/madcatalog.com\/wp-content\/uploads\/2020\/11\/Edition-01.2020-top-noise-300x169.jpg 300w, https:\/\/madcatalog.com\/wp-content\/uploads\/2020\/11\/Edition-01.2020-top-noise-1024x576.jpg 1024w, https:\/\/madcatalog.com\/wp-content\/uploads\/2020\/11\/Edition-01.2020-top-noise-768x432.jpg 768w, https:\/\/madcatalog.com\/wp-content\/uploads\/2020\/11\/Edition-01.2020-top-noise-1536x864.jpg 1536w, https:\/\/madcatalog.com\/wp-content\/uploads\/2020\/11\/Edition-01.2020-top-noise-16x9.jpg 16w, https:\/\/madcatalog.com\/wp-content\/uploads\/2020\/11\/Edition-01.2020-top-noise-600x338.jpg 600w\" sizes=\"(max-width: 1920px) 100vw, 1920px\" \/><\/div>\n<div class=\"eltdf-pli-text-holder\">\n    <div class=\"eltdf-pli-text-wrapper\">\n        <div class=\"eltdf-pli-text\">\n\t\t\t    <div class=\"eltdf-pli-title-holder\">\n\t\t<h4 itemprop=\"name\" class=\"eltdf-pli-title entry-title\" >\n\t\t01.2020\t\t<\/h4>\n    <\/div>\n\n\t\t\t        <\/div>\n    <\/div>\n<\/div>\n\t\t<a itemprop=\"url\" class=\"eltdf-pli-link eltdf-block-drag-link\" href=\"https:\/\/madcatalog.com\/pl\/editorial-01-2020\/\" target=\"_blank\"><\/a>\n\t<\/div>\n<\/article><article class=\"eltdf-pl-item eltdf-item-space  post-929 portfolio-item type-portfolio-item status-publish has-post-thumbnail hentry portfolio-category-videos\">\n\t<div class=\"eltdf-pl-item-inner\">\n\t\t<div class=\"eltdf-pli-image\">\n\t<img width=\"1920\" height=\"1080\" src=\"https:\/\/madcatalog.com\/wp-content\/uploads\/2020\/10\/EscapeRoom_front-2.jpg\" class=\"attachment-full size-full wp-post-image\" alt=\"\" loading=\"lazy\" srcset=\"https:\/\/madcatalog.com\/wp-content\/uploads\/2020\/10\/EscapeRoom_front-2.jpg 1920w, https:\/\/madcatalog.com\/wp-content\/uploads\/2020\/10\/EscapeRoom_front-2-300x169.jpg 300w, https:\/\/madcatalog.com\/wp-content\/uploads\/2020\/10\/EscapeRoom_front-2-1024x576.jpg 1024w, https:\/\/madcatalog.com\/wp-content\/uploads\/2020\/10\/EscapeRoom_front-2-768x432.jpg 768w, https:\/\/madcatalog.com\/wp-content\/uploads\/2020\/10\/EscapeRoom_front-2-1536x864.jpg 1536w, https:\/\/madcatalog.com\/wp-content\/uploads\/2020\/10\/EscapeRoom_front-2-16x9.jpg 16w, https:\/\/madcatalog.com\/wp-content\/uploads\/2020\/10\/EscapeRoom_front-2-600x338.jpg 600w\" sizes=\"(max-width: 1920px) 100vw, 1920px\" \/><\/div>\n<div class=\"eltdf-pli-text-holder\">\n    <div class=\"eltdf-pli-text-wrapper\">\n        <div class=\"eltdf-pli-text\">\n\t\t\t    <div class=\"eltdf-pli-title-holder\">\n\t\t<h4 itemprop=\"name\" class=\"eltdf-pli-title entry-title\" >\n\t\tBujakowska\t\t<\/h4>\n    <\/div>\n\n\t\t\t        <\/div>\n    <\/div>\n<\/div>\n\t\t<a itemprop=\"url\" class=\"eltdf-pli-link eltdf-block-drag-link\" href=\"https:\/\/madcatalog.com\/pl\/escape-room\/\" target=\"_blank\"><\/a>\n\t<\/div>\n<\/article><article class=\"eltdf-pl-item eltdf-item-space  post-932 portfolio-item type-portfolio-item status-publish has-post-thumbnail hentry portfolio-category-videos\">\n\t<div class=\"eltdf-pl-item-inner\">\n\t\t<div class=\"eltdf-pli-image\">\n\t<img width=\"1920\" height=\"1080\" src=\"https:\/\/madcatalog.com\/wp-content\/uploads\/2020\/10\/Jumpcore_front4.jpg\" class=\"attachment-full size-full wp-post-image\" alt=\"\" loading=\"lazy\" srcset=\"https:\/\/madcatalog.com\/wp-content\/uploads\/2020\/10\/Jumpcore_front4.jpg 1920w, https:\/\/madcatalog.com\/wp-content\/uploads\/2020\/10\/Jumpcore_front4-300x169.jpg 300w, https:\/\/madcatalog.com\/wp-content\/uploads\/2020\/10\/Jumpcore_front4-1024x576.jpg 1024w, https:\/\/madcatalog.com\/wp-content\/uploads\/2020\/10\/Jumpcore_front4-768x432.jpg 768w, https:\/\/madcatalog.com\/wp-content\/uploads\/2020\/10\/Jumpcore_front4-1536x864.jpg 1536w, https:\/\/madcatalog.com\/wp-content\/uploads\/2020\/10\/Jumpcore_front4-16x9.jpg 16w, https:\/\/madcatalog.com\/wp-content\/uploads\/2020\/10\/Jumpcore_front4-600x338.jpg 600w\" sizes=\"(max-width: 1920px) 100vw, 1920px\" \/><\/div>\n<div class=\"eltdf-pli-text-holder\">\n    <div class=\"eltdf-pli-text-wrapper\">\n        <div class=\"eltdf-pli-text\">\n\t\t\t    <div class=\"eltdf-pli-title-holder\">\n\t\t<h4 itemprop=\"name\" class=\"eltdf-pli-title entry-title\" >\n\t\tSakowicz\t\t<\/h4>\n    <\/div>\n\n\t\t\t        <\/div>\n    <\/div>\n<\/div>\n\t\t<a itemprop=\"url\" class=\"eltdf-pli-link eltdf-block-drag-link\" href=\"https:\/\/madcatalog.com\/pl\/jumpcore\/\" target=\"_blank\"><\/a>\n\t<\/div>\n<\/article><article class=\"eltdf-pl-item eltdf-item-space  post-5338 portfolio-item type-portfolio-item status-publish has-post-thumbnail hentry portfolio-category-videos\">\n\t<div class=\"eltdf-pl-item-inner\">\n\t\t<div class=\"eltdf-pli-image\">\n\t<img width=\"1920\" height=\"1080\" src=\"https:\/\/madcatalog.com\/wp-content\/uploads\/2020\/11\/WITHIN_front.jpg\" class=\"attachment-full size-full wp-post-image\" alt=\"\" loading=\"lazy\" srcset=\"https:\/\/madcatalog.com\/wp-content\/uploads\/2020\/11\/WITHIN_front.jpg 1920w, https:\/\/madcatalog.com\/wp-content\/uploads\/2020\/11\/WITHIN_front-300x169.jpg 300w, https:\/\/madcatalog.com\/wp-content\/uploads\/2020\/11\/WITHIN_front-1024x576.jpg 1024w, https:\/\/madcatalog.com\/wp-content\/uploads\/2020\/11\/WITHIN_front-768x432.jpg 768w, https:\/\/madcatalog.com\/wp-content\/uploads\/2020\/11\/WITHIN_front-1536x864.jpg 1536w, https:\/\/madcatalog.com\/wp-content\/uploads\/2020\/11\/WITHIN_front-16x9.jpg 16w, https:\/\/madcatalog.com\/wp-content\/uploads\/2020\/11\/WITHIN_front-600x338.jpg 600w\" sizes=\"(max-width: 1920px) 100vw, 1920px\" \/><\/div>\n<div class=\"eltdf-pli-text-holder\">\n    <div class=\"eltdf-pli-text-wrapper\">\n        <div class=\"eltdf-pli-text\">\n\t\t\t    <div class=\"eltdf-pli-title-holder\">\n\t\t<h4 itemprop=\"name\" class=\"eltdf-pli-title entry-title\" >\n\t\tWo\u0142owiec\t\t<\/h4>\n    <\/div>\n\n\t\t\t        <\/div>\n    <\/div>\n<\/div>\n\t\t<a itemprop=\"url\" class=\"eltdf-pli-link eltdf-block-drag-link\" href=\"https:\/\/madcatalog.com\/pl\/within\/\" target=\"_blank\"><\/a>\n\t<\/div>\n<\/article>\t<\/div>\n\t\n\t<\/div><\/div><div class=\"vc_empty_space\"   style=\"height: 50px\"><span class=\"vc_empty_space_inner\"><\/span><\/div>\n\t<div class=\"wpb_text_column wpb_content_element\" >\n\t\t<div class=\"wpb_wrapper\">\n\t\t\t\n\t\t<\/div>\n\t<\/div>\n<\/div><\/div><\/div><\/div>","protected":false},"excerpt":{"rendered":"","protected":false},"author":1,"featured_media":0,"parent":0,"menu_order":0,"comment_status":"closed","ping_status":"closed","template":"full-width.php","meta":[],"_links":{"self":[{"href":"https:\/\/madcatalog.com\/pl\/wp-json\/wp\/v2\/pages\/4793"}],"collection":[{"href":"https:\/\/madcatalog.com\/pl\/wp-json\/wp\/v2\/pages"}],"about":[{"href":"https:\/\/madcatalog.com\/pl\/wp-json\/wp\/v2\/types\/page"}],"author":[{"embeddable":true,"href":"https:\/\/madcatalog.com\/pl\/wp-json\/wp\/v2\/users\/1"}],"replies":[{"embeddable":true,"href":"https:\/\/madcatalog.com\/pl\/wp-json\/wp\/v2\/comments?post=4793"}],"version-history":[{"count":117,"href":"https:\/\/madcatalog.com\/pl\/wp-json\/wp\/v2\/pages\/4793\/revisions"}],"predecessor-version":[{"id":5970,"href":"https:\/\/madcatalog.com\/pl\/wp-json\/wp\/v2\/pages\/4793\/revisions\/5970"}],"wp:attachment":[{"href":"https:\/\/madcatalog.com\/pl\/wp-json\/wp\/v2\/media?parent=4793"}],"curies":[{"name":"wp","href":"https:\/\/api.w.org\/{rel}","templated":true}]}}